{"id":70,"date":"2012-01-19T17:22:20","date_gmt":"2012-01-19T16:22:20","guid":{"rendered":"http:\/\/www.heiko-schoberth.de\/wpress\/?page_id=70"},"modified":"2024-05-30T13:46:08","modified_gmt":"2024-05-30T11:46:08","slug":"die-post-mieten","status":"publish","type":"page","link":"http:\/\/www.zedtwitz.de\/?page_id=70","title":{"rendered":"&#8220;Die Post&#8221; mieten"},"content":{"rendered":"<h1>B\u00fcrgerhaus &#8220;Zur Post&#8221;<\/h1>\n<h2>Kostenregelung f\u00fcr die Nutzung der R\u00e4ume<\/h2>\n<h3><\/h3>\n<table border=\"0\" cellpadding=\"10\">\n<tbody>\n<tr>\n<td>\n<h3>Saal<\/h3>\n<\/td>\n<td>Gemeindeb\u00fcrger<\/td>\n<td>Nichtgemeindeb\u00fcrger<\/td>\n<\/tr>\n<tr>\n<td>01. Mai &#8211; 30. September<\/td>\n<td>\n<div align=\"center\">120 \u20ac<\/div>\n<\/td>\n<td>\n<div align=\"center\">180 \u20ac<\/div>\n<\/td>\n<\/tr>\n<tr>\n<td>01. Oktober &#8211; 30. April<\/td>\n<td>\n<div align=\"center\">140 \u20ac<\/div>\n<\/td>\n<td>\n<div align=\"center\">220 \u20ac<\/div>\n<\/td>\n<\/tr>\n<tr>\n<td colspan=\"3\"><small>Saalnutzung inklusive Nutzung Saalk\u00fcche, Gl\u00e4ser und Schanktheke<\/small><\/td>\n<\/tr>\n<tr>\n<td colspan=\"3\"><small>F\u00fcr die Benutzung der Beschallungsanlage und des Beamers mit Leinwand (nur nach Einweisung) berechnen wir jeweils 15 Euro.<\/small><\/td>\n<\/tr>\n<tr>\n<td><\/td>\n<td><\/td>\n<td><\/td>\n<\/tr>\n<tr>\n<td>\n<h3>B\u00fcrgerzimmer<\/h3>\n<\/td>\n<td>Gemeindeb\u00fcrger<\/td>\n<td>Nichtgemeindeb\u00fcrger<\/td>\n<\/tr>\n<tr>\n<td>01. Mai &#8211; 30. September<\/td>\n<td>\n<div align=\"center\">70 \u20ac<\/div>\n<\/td>\n<td>\n<div align=\"center\">100 \u20ac<\/div>\n<\/td>\n<\/tr>\n<tr>\n<td>01. Oktober &#8211; 30. April<\/td>\n<td>\n<div align=\"center\">80 \u20ac<\/div>\n<\/td>\n<td>\n<div align=\"center\">120 \u20ac<\/div>\n<\/td>\n<\/tr>\n<tr>\n<td colspan=\"3\"><small>B\u00fcrgerzimmer inklusive Nutzung der K\u00fcche, Gl\u00e4ser, Geschirr und Schanktheke<\/small><\/td>\n<\/tr>\n<tr>\n<td><\/td>\n<td><\/td>\n<td><\/td>\n<\/tr>\n<tr>\n<td colspan=\"3\">Die <strong>Gaststube<\/strong> kann nur mit Bewirtung genutzt werden.<\/td>\n<\/tr>\n<tr>\n<td colspan=\"3\">Die Kosten f\u00fcr mehrt\u00e4gige Veranstaltungen oder Dauernutzer, zum Beispiel eine w\u00f6chentliche Nutzung des Saales oder des B\u00fcrgerzimmers, werden pauschal festgesetzt.<\/td>\n<\/tr>\n<\/tbody>\n<\/table>\n<p>Haben Sie Fragen oder wollen Sie reservieren? Dann rufen Sie uns an oder schreiben eine Email. Unter <a title=\"Kontakt\" href=\"http:\/\/www.zedtwitz.de\/kontakt\/\">Kontakt<\/a> finden Sie Ihren Ansprechpartner. Desweiteren k\u00f6nnen Sie hier den <a href=\"http:\/\/zedtwitz.de\/download\/MietvertragBuergerhaus.pdf\" target=\"download\" rel=\"noopener noreferrer\">Mietvertrag<\/a> f\u00fcr das B\u00fcrgerhaus oder die <a href=\"http:\/\/zedtwitz.de\/download\/Benutzungsordnung.pdf\" target=\"download\" rel=\"noopener noreferrer\">Benutzungsordnung<\/a> herunterladen!<\/p>\n<h2>\u00dcbernachten<\/h2>\n<p>Es besteht die M\u00f6glichkeit die ehemaligen Fremdenzimmer als \u00dcbernachtungsm\u00f6glichkeit zu nutzen. Wir haben zwei Doppelzimmer und ein Dreibettzimmer. Alle Zimmer sind ausgestattet mit DU\/WC, TV, Bettw\u00e4sche. An einer Fr\u00fchst\u00fccksl\u00f6sung wird zurzeit noch gearbeitet.<\/p>\n<table border=\"0\" width=\"310\" align=\"center\">\n<tbody>\n<tr>\n<td width=\"250\">Preis pro Person und Nacht<\/td>\n<td width=\"50\">15 \u20ac<\/td>\n<\/tr>\n<tr>\n<td>Einzelzimmerzuschlag<\/td>\n<td>10 \u20ac<\/td>\n<\/tr>\n<\/tbody>\n<\/table>\n<p>Fragen Sie uns einfach danach! Ihren Ansprechpartner finden Sie unter <a title=\"Kontakt\" href=\"http:\/\/www.zedtwitz.de\/kontakt\/\">Kontakt<\/a>.<\/p>\n<h2>Bilder der R\u00e4umlichkeiten<\/h2>\n<p>Damit Sie einen Eindruck von den R\u00e4umlichkeiten bekommen, haben wir hier ein paar Bilder hinterlegt.<\/p>\n<div id=\"image_container\"><a href=\"http:\/\/www.zedtwitz.de\/wp-content\/uploads\/2024\/05\/bsaal_02.jpg\"><br \/>\n<img loading=\"lazy\" decoding=\"async\" class=\"size-medium wp-image-2687 aligncenter\" src=\"http:\/\/www.zedtwitz.de\/wp-content\/uploads\/2024\/05\/bsaal_02-300x225.jpg\" alt=\"\" width=\"300\" height=\"225\" srcset=\"http:\/\/www.zedtwitz.de\/wp-content\/uploads\/2024\/05\/bsaal_02-300x225.jpg 300w, http:\/\/www.zedtwitz.de\/wp-content\/uploads\/2024\/05\/bsaal_02-768x576.jpg 768w, http:\/\/www.zedtwitz.de\/wp-content\/uploads\/2024\/05\/bsaal_02.jpg 1024w\" sizes=\"auto, (max-width: 300px) 100vw, 300px\" \/><\/a> <a href=\"http:\/\/www.zedtwitz.de\/wp-content\/uploads\/2024\/05\/bsaal_01.jpg\"><img loading=\"lazy\" decoding=\"async\" class=\"size-medium wp-image-2686 aligncenter\" src=\"http:\/\/www.zedtwitz.de\/wp-content\/uploads\/2024\/05\/bsaal_01-300x225.jpg\" alt=\"\" width=\"300\" height=\"225\" srcset=\"http:\/\/www.zedtwitz.de\/wp-content\/uploads\/2024\/05\/bsaal_01-300x225.jpg 300w, http:\/\/www.zedtwitz.de\/wp-content\/uploads\/2024\/05\/bsaal_01-768x576.jpg 768w, http:\/\/www.zedtwitz.de\/wp-content\/uploads\/2024\/05\/bsaal_01.jpg 1024w\" sizes=\"auto, (max-width: 300px) 100vw, 300px\" \/><\/a> <a href=\"http:\/\/www.zedtwitz.de\/wp-content\/uploads\/2018\/08\/gz1.jpg\"><img loading=\"lazy\" decoding=\"async\" class=\"size-medium wp-image-1029 aligncenter\" src=\"http:\/\/www.zedtwitz.de\/wp-content\/uploads\/2018\/08\/gz1-300x224.jpg\" alt=\"G\u00e4stezimmer\" width=\"300\" height=\"224\" srcset=\"http:\/\/www.zedtwitz.de\/wp-content\/uploads\/2018\/08\/gz1-300x224.jpg 300w, http:\/\/www.zedtwitz.de\/wp-content\/uploads\/2018\/08\/gz1.jpg 600w\" sizes=\"auto, (max-width: 300px) 100vw, 300px\" \/><\/a> <a href=\"http:\/\/www.zedtwitz.de\/wp-content\/uploads\/2018\/08\/bzimmer3.jpg\"><img loading=\"lazy\" decoding=\"async\" class=\"size-medium wp-image-1027 aligncenter\" src=\"http:\/\/www.zedtwitz.de\/wp-content\/uploads\/2018\/08\/bzimmer3-300x219.jpg\" alt=\"B\u00fcrgerzimmer (aktuell)\" width=\"300\" height=\"219\" srcset=\"http:\/\/www.zedtwitz.de\/wp-content\/uploads\/2018\/08\/bzimmer3-300x219.jpg 300w, http:\/\/www.zedtwitz.de\/wp-content\/uploads\/2018\/08\/bzimmer3.jpg 600w\" sizes=\"auto, (max-width: 300px) 100vw, 300px\" \/><\/a><\/div>\n<div><a style=\"cursor: pointer !important; user-select: none !important;\" href=\"http:\/\/www.zedtwitz.de\/wp-content\/uploads\/2018\/08\/bzimmer1.jpg\"><img loading=\"lazy\" decoding=\"async\" class=\"size-medium wp-image-1018 aligncenter\" src=\"http:\/\/www.zedtwitz.de\/wp-content\/uploads\/2018\/08\/bzimmer1-300x225.jpg\" alt=\"bzimmer1\" width=\"300\" height=\"225\" srcset=\"http:\/\/www.zedtwitz.de\/wp-content\/uploads\/2018\/08\/bzimmer1-300x225.jpg 300w, http:\/\/www.zedtwitz.de\/wp-content\/uploads\/2018\/08\/bzimmer1.jpg 640w\" sizes=\"auto, (max-width: 300px) 100vw, 300px\" \/><\/a> <a href=\"http:\/\/www.zedtwitz.de\/wp-content\/uploads\/2018\/08\/treppe.jpg\"><img loading=\"lazy\" decoding=\"async\" class=\"size-medium wp-image-1014 aligncenter\" src=\"http:\/\/www.zedtwitz.de\/wp-content\/uploads\/2018\/08\/treppe-169x300.jpg\" alt=\"treppe\" width=\"169\" height=\"300\" srcset=\"http:\/\/www.zedtwitz.de\/wp-content\/uploads\/2018\/08\/treppe-169x300.jpg 169w, http:\/\/www.zedtwitz.de\/wp-content\/uploads\/2018\/08\/treppe.jpg 270w\" sizes=\"auto, (max-width: 169px) 100vw, 169px\" \/><\/a><\/div>\n<h6>\u00c4nderungen und Irrt\u00fcmer vorbehalten.<\/h6>\n","protected":false},"excerpt":{"rendered":"<p>B\u00fcrgerhaus &#8220;Zur Post&#8221; Kostenregelung f\u00fcr die Nutzung der R\u00e4ume Saal Gemeindeb\u00fcrger Nichtgemeindeb\u00fcrger 01. Mai &#8211; 30. September 120 \u20ac 180 \u20ac 01. Oktober &#8211; 30. April 140 \u20ac 220 \u20ac Saalnutzung inklusive Nutzung Saalk\u00fcche, Gl\u00e4ser und Schanktheke F\u00fcr die Benutzung der Beschallungsanlage und des Beamers mit Leinwand (nur nach Einweisung) berechnen wir jeweils 15 Euro. [&hellip;]<\/p>\n","protected":false},"author":1,"featured_media":0,"parent":0,"menu_order":0,"comment_status":"closed","ping_status":"closed","template":"","meta":{"footnotes":""},"class_list":["post-70","page","type-page","status-publish","hentry"],"_links":{"self":[{"href":"http:\/\/www.zedtwitz.de\/index.php?rest_route=\/wp\/v2\/pages\/70","targetHints":{"allow":["GET"]}}],"collection":[{"href":"http:\/\/www.zedtwitz.de\/index.php?rest_route=\/wp\/v2\/pages"}],"about":[{"href":"http:\/\/www.zedtwitz.de\/index.php?rest_route=\/wp\/v2\/types\/page"}],"author":[{"embeddable":true,"href":"http:\/\/www.zedtwitz.de\/index.php?rest_route=\/wp\/v2\/users\/1"}],"replies":[{"embeddable":true,"href":"http:\/\/www.zedtwitz.de\/index.php?rest_route=%2Fwp%2Fv2%2Fcomments&post=70"}],"version-history":[{"count":54,"href":"http:\/\/www.zedtwitz.de\/index.php?rest_route=\/wp\/v2\/pages\/70\/revisions"}],"predecessor-version":[{"id":2689,"href":"http:\/\/www.zedtwitz.de\/index.php?rest_route=\/wp\/v2\/pages\/70\/revisions\/2689"}],"wp:attachment":[{"href":"http:\/\/www.zedtwitz.de\/index.php?rest_route=%2Fwp%2Fv2%2Fmedia&parent=70"}],"curies":[{"name":"wp","href":"https:\/\/api.w.org\/{rel}","templated":true}]}}